{"id":366,"date":"2023-08-31T14:56:50","date_gmt":"2023-08-31T11:56:50","guid":{"rendered":"https:\/\/paripesaposta.com\/?page_id=366"},"modified":"2023-09-13T11:28:58","modified_gmt":"2023-09-13T08:28:58","slug":"app","status":"publish","type":"page","link":"https:\/\/paripesaposta.com\/pt-br\/app\/","title":{"rendered":"PariPesa App: Fa\u00e7a Apostas no Seu Smartphone"},"content":{"rendered":"<section class=\"l-section wpb_row us_custom_dd07e10e height_auto\"><div class=\"l-section-h i-cf\"><div class=\"g-cols vc_row via_grid cols_1 laptops-cols_inherit tablets-cols_inherit mobiles-cols_1 valign_top type_default stacking_default\"><div class=\"wpb_column vc_column_container\"><div class=\"vc_column-inner\"><div class=\"w-separator size_custom\" style=\"height:30px\"><\/div><\/div><\/div><\/div><\/div><\/section><section class=\"l-section wpb_row us_custom_dd07e10e height_auto\"><div class=\"l-section-h i-cf\"><div class=\"g-cols vc_row via_grid cols_1-3 laptops-cols_inherit tablets-cols_inherit mobiles-cols_1 valign_top type_default stacking_default\" style=\"grid-gap:30px;\"><div class=\"wpb_column vc_column_container hide_on_tablets hide_on_mobiles\"><div class=\"vc_column-inner\"><div class=\"w-vwrapper us_custom_e0336348 align_none valign_top\" style=\"--vwrapper-gap:0rem\"><div class=\"w-btn-wrapper align_center\"><a class=\"w-btn us-btn-style_1 icon_atleft\" href=\"https:\/\/paripesaposta.com\/go\/bonus\"><i class=\"fas fa-play-circle\"><\/i><span class=\"w-btn-label\">Apostas ao Vivo<\/span><\/a><\/div><\/div><div class=\"w-vwrapper us_custom_cf146f93 align_none valign_top\" style=\"--vwrapper-gap:0rem\"><nav class=\"w-menu layout_ver style_links us_menu_1\" style=\"--main-gap:10px;--main-ver-indent:0.8em;--main-hor-indent:0.8em;--main-color:#000000;--main-hover-color:#FF7A00;\"><ul id=\"menu-menu-2\" class=\"menu\"><li id=\"menu-item-216\" class=\"menu-item menu-item-type-custom menu-item-object-custom menu-item-216\"><a href=\"https:\/\/paripesaposta.com\/go\/bonus\" class=\"menu-image-title-after menu-image-not-hovered\"><img loading=\"lazy\" decoding=\"async\" width=\"24\" height=\"25\" src=\"https:\/\/paripesaposta.com\/wp-content\/uploads\/2023\/08\/american-football.png\" class=\"menu-image menu-image-title-after\" alt=\"\" \/><span class=\"menu-image-title-after menu-image-title\">Futebol Americano<\/span><\/a><\/li><li id=\"menu-item-223\" class=\"menu-item menu-item-type-custom menu-item-object-custom menu-item-223\"><a href=\"https:\/\/paripesaposta.com\/go\/bonus\" class=\"menu-image-title-after menu-image-not-hovered\"><img loading=\"lazy\" decoding=\"async\" width=\"24\" height=\"25\" src=\"https:\/\/paripesaposta.com\/wp-content\/uploads\/2023\/08\/basketball.png\" class=\"menu-image menu-image-title-after\" alt=\"\" \/><span class=\"menu-image-title-after menu-image-title\">Basquetebol<\/span><\/a><\/li><li id=\"menu-item-225\" class=\"menu-item menu-item-type-custom menu-item-object-custom menu-item-225\"><a href=\"https:\/\/paripesaposta.com\/go\/bonus\" class=\"menu-image-title-after menu-image-not-hovered\"><img loading=\"lazy\" decoding=\"async\" width=\"24\" height=\"25\" src=\"https:\/\/paripesaposta.com\/wp-content\/uploads\/2023\/08\/bowling.png\" class=\"menu-image menu-image-title-after\" alt=\"\" \/><span class=\"menu-image-title-after menu-image-title\">Boliche<\/span><\/a><\/li><li id=\"menu-item-227\" class=\"menu-item menu-item-type-custom menu-item-object-custom menu-item-227\"><a href=\"https:\/\/paripesaposta.com\/go\/bonus\" class=\"menu-image-title-after menu-image-not-hovered\"><img loading=\"lazy\" decoding=\"async\" width=\"24\" height=\"25\" src=\"https:\/\/paripesaposta.com\/wp-content\/uploads\/2023\/08\/table-tennis.png\" class=\"menu-image menu-image-title-after\" alt=\"\" \/><span class=\"menu-image-title-after menu-image-title\">T\u00eanis de Mesa<\/span><\/a><\/li><li id=\"menu-item-229\" class=\"menu-item menu-item-type-custom menu-item-object-custom menu-item-229\"><a href=\"https:\/\/paripesaposta.com\/go\/bonus\" class=\"menu-image-title-after menu-image-not-hovered\"><img loading=\"lazy\" decoding=\"async\" width=\"24\" height=\"25\" src=\"https:\/\/paripesaposta.com\/wp-content\/uploads\/2023\/08\/football.png\" class=\"menu-image menu-image-title-after\" alt=\"\" \/><span class=\"menu-image-title-after menu-image-title\">Futebol<\/span><\/a><\/li><li id=\"menu-item-231\" class=\"menu-item menu-item-type-custom menu-item-object-custom menu-item-231\"><a href=\"https:\/\/paripesaposta.com\/go\/bonus\" class=\"menu-image-title-after menu-image-not-hovered\"><img loading=\"lazy\" decoding=\"async\" width=\"24\" height=\"25\" src=\"https:\/\/paripesaposta.com\/wp-content\/uploads\/2023\/08\/skateboarding.png\" class=\"menu-image menu-image-title-after\" alt=\"\" \/><span class=\"menu-image-title-after menu-image-title\">Skate<\/span><\/a><\/li><li id=\"menu-item-233\" class=\"menu-item menu-item-type-custom menu-item-object-custom menu-item-233\"><a href=\"https:\/\/paripesaposta.com\/go\/bonus\" class=\"menu-image-title-after menu-image-not-hovered\"><img loading=\"lazy\" decoding=\"async\" width=\"24\" height=\"25\" src=\"https:\/\/paripesaposta.com\/wp-content\/uploads\/2023\/08\/badminton.png\" class=\"menu-image menu-image-title-after\" alt=\"\" \/><span class=\"menu-image-title-after menu-image-title\">Badminton<\/span><\/a><\/li><li id=\"menu-item-235\" class=\"menu-item menu-item-type-custom menu-item-object-custom menu-item-235\"><a href=\"https:\/\/paripesaposta.com\/go\/bonus\" class=\"menu-image-title-after menu-image-not-hovered\"><img loading=\"lazy\" decoding=\"async\" width=\"24\" height=\"25\" src=\"https:\/\/paripesaposta.com\/wp-content\/uploads\/2023\/08\/golf.png\" class=\"menu-image menu-image-title-after\" alt=\"\" \/><span class=\"menu-image-title-after menu-image-title\">Golfe<\/span><\/a><\/li><li id=\"menu-item-237\" class=\"menu-item menu-item-type-custom menu-item-object-custom menu-item-237\"><a href=\"https:\/\/paripesaposta.com\/go\/bonus\" class=\"menu-image-title-after menu-image-not-hovered\"><img loading=\"lazy\" decoding=\"async\" width=\"24\" height=\"25\" src=\"https:\/\/paripesaposta.com\/wp-content\/uploads\/2023\/08\/volleyball.png\" class=\"menu-image menu-image-title-after\" alt=\"\" \/><span class=\"menu-image-title-after menu-image-title\">Voleibol<\/span><\/a><\/li><li id=\"menu-item-239\" class=\"menu-item menu-item-type-custom menu-item-object-custom menu-item-239\"><a href=\"https:\/\/paripesaposta.com\/go\/bonus\" class=\"menu-image-title-after menu-image-not-hovered\"><img loading=\"lazy\" decoding=\"async\" width=\"24\" height=\"25\" src=\"https:\/\/paripesaposta.com\/wp-content\/uploads\/2023\/08\/boxe.png\" class=\"menu-image menu-image-title-after\" alt=\"\" \/><span class=\"menu-image-title-after menu-image-title\">Boxe<\/span><\/a><\/li><li id=\"menu-item-241\" class=\"menu-item menu-item-type-custom menu-item-object-custom menu-item-241\"><a href=\"https:\/\/paripesaposta.com\/go\/bonus\" class=\"menu-image-title-after menu-image-not-hovered\"><img loading=\"lazy\" decoding=\"async\" width=\"24\" height=\"25\" src=\"https:\/\/paripesaposta.com\/wp-content\/uploads\/2023\/08\/tennis.png\" class=\"menu-image menu-image-title-after\" alt=\"\" \/><span class=\"menu-image-title-after menu-image-title\">T\u00eanis<\/span><\/a><\/li><\/ul><style>@media ( max-width:600px ){.us_menu_1 .menu{display:block!important}.us_menu_1 .menu>li{margin:0 0 var(--main-gap,10px)!important}}<\/style><\/nav><\/div><div class=\"w-separator size_custom\" style=\"height:20px\"><\/div><div class=\"w-vwrapper us_custom_3069060c align_none valign_top\" style=\"--vwrapper-gap:0rem\"><div class=\"w-iconbox us_custom_b9400add has_text_color iconpos_right style_default color_primary align_left no_text icontype_img\"><div class=\"w-iconbox-meta\"><a href=\"https:\/\/paripesaposta.com\/go\/bonus\" class=\"w-iconbox-link\" aria-label=\"Link Oficial Para Baixar o Aplicativo PariPesa\"><p class=\"w-iconbox-title\">Link Oficial Para Baixar o Aplicativo PariPesa<\/p><\/a><\/div><a href=\"https:\/\/paripesaposta.com\/go\/bonus\" class=\"w-iconbox-link\" aria-label=\"Link Oficial Para Baixar o Aplicativo PariPesa\"><div class=\"w-iconbox-icon\" style=\"font-size:100px;\"><img loading=\"lazy\" decoding=\"async\" width=\"163\" height=\"178\" src=\"https:\/\/paripesaposta.com\/wp-content\/uploads\/2023\/08\/sidebanner-1.png\" class=\"attachment-full size-full\" alt=\"\" srcset=\"https:\/\/paripesaposta.com\/wp-content\/uploads\/2023\/08\/sidebanner-1.png 163w, https:\/\/paripesaposta.com\/wp-content\/uploads\/2023\/08\/sidebanner-1-73x80.png 73w, https:\/\/paripesaposta.com\/wp-content\/uploads\/2023\/08\/sidebanner-1-12x12.png 12w\" sizes=\"auto, (max-width: 163px) 100vw, 163px\" \/><\/div><\/a><\/div><div class=\"w-separator size_custom\" style=\"height:15px\"><\/div><div class=\"w-btn-wrapper align_center\"><a class=\"w-btn us-btn-style_1\" href=\"https:\/\/paripesaposta.com\/go\/bonus\"><span class=\"w-btn-label\">Mais<\/span><\/a><\/div><\/div><div class=\"w-separator size_custom\" style=\"height:20px\"><\/div><div class=\"g-cols wpb_row via_grid cols_2 laptops-cols_inherit tablets-cols_inherit mobiles-cols_1 valign_top type_default stacking_default\"><div class=\"wpb_column vc_column_container\"><div class=\"vc_column-inner\"><div class=\"w-vwrapper align_none valign_top\" style=\"--vwrapper-gap:0px\"><div class=\"w-image align_center\"><div class=\"w-image-h\"><img loading=\"lazy\" decoding=\"async\" width=\"140\" height=\"162\" src=\"https:\/\/paripesaposta.com\/wp-content\/uploads\/2023\/08\/roulette.png\" class=\"attachment-full size-full\" alt=\"\" srcset=\"https:\/\/paripesaposta.com\/wp-content\/uploads\/2023\/08\/roulette.png 140w, https:\/\/paripesaposta.com\/wp-content\/uploads\/2023\/08\/roulette-69x80.png 69w, https:\/\/paripesaposta.com\/wp-content\/uploads\/2023\/08\/roulette-10x12.png 10w\" sizes=\"auto, (max-width: 140px) 100vw, 140px\" \/><\/div><\/div><div class=\"w-text us_custom_1d728441 has_text_color icon_atleft\"><span class=\"w-text-h\"><i class=\"fas fa-spade\"><\/i><span class=\"w-text-value\">Roulette<\/span><\/span><\/div><\/div><\/div><\/div><div class=\"wpb_column vc_column_container\"><div class=\"vc_column-inner\"><div class=\"w-vwrapper align_none valign_top\" style=\"--vwrapper-gap:0px\"><div class=\"w-image align_center\"><div class=\"w-image-h\"><img loading=\"lazy\" decoding=\"async\" width=\"140\" height=\"162\" src=\"https:\/\/paripesaposta.com\/wp-content\/uploads\/2023\/08\/blackjack.png\" class=\"attachment-full size-full\" alt=\"\" srcset=\"https:\/\/paripesaposta.com\/wp-content\/uploads\/2023\/08\/blackjack.png 140w, https:\/\/paripesaposta.com\/wp-content\/uploads\/2023\/08\/blackjack-69x80.png 69w, https:\/\/paripesaposta.com\/wp-content\/uploads\/2023\/08\/blackjack-10x12.png 10w\" sizes=\"auto, (max-width: 140px) 100vw, 140px\" \/><\/div><\/div><div class=\"w-text us_custom_1d728441 has_text_color icon_atleft\"><span class=\"w-text-h\"><i class=\"fas fa-dice\"><\/i><span class=\"w-text-value\">Blackjack<\/span><\/span><\/div><\/div><\/div><\/div><\/div><div class=\"w-separator size_custom\" style=\"height:20px\"><\/div><div class=\"w-vwrapper align_none valign_top\" style=\"--vwrapper-gap:0px\"><div class=\"w-image align_center\"><div class=\"w-image-h\"><img loading=\"lazy\" decoding=\"async\" width=\"295\" height=\"162\" src=\"https:\/\/paripesaposta.com\/wp-content\/uploads\/2023\/08\/slots.png\" class=\"attachment-full size-full\" alt=\"\" srcset=\"https:\/\/paripesaposta.com\/wp-content\/uploads\/2023\/08\/slots.png 295w, https:\/\/paripesaposta.com\/wp-content\/uploads\/2023\/08\/slots-146x80.png 146w, https:\/\/paripesaposta.com\/wp-content\/uploads\/2023\/08\/slots-12x7.png 12w\" sizes=\"auto, (max-width: 295px) 100vw, 295px\" \/><\/div><\/div><div class=\"w-text us_custom_1d728441 has_text_color icon_atleft\"><span class=\"w-text-h\"><i class=\"fas fa-gem\"><\/i><span class=\"w-text-value\">M\u00e1quinas Ca\u00e7a-N\u00edqueis<\/span><\/span><\/div><\/div>\n<\/div><\/div><div class=\"wpb_column vc_column_container\"><div class=\"vc_column-inner\"><div class=\"w-hwrapper us_custom_b2c5d8ec valign_top stack_on_mobiles align_none\" style=\"--hwrapper-gap:20px\"><div class=\"w-image align_none\"><div class=\"w-image-h\"><img loading=\"lazy\" decoding=\"async\" width=\"233\" height=\"74\" src=\"https:\/\/paripesaposta.com\/wp-content\/uploads\/2023\/08\/4322.png\" class=\"attachment-full size-full\" alt=\"\" srcset=\"https:\/\/paripesaposta.com\/wp-content\/uploads\/2023\/08\/4322.png 233w, https:\/\/paripesaposta.com\/wp-content\/uploads\/2023\/08\/4322-12x4.png 12w\" sizes=\"auto, (max-width: 233px) 100vw, 233px\" \/><\/div><\/div><div class=\"w-text us_custom_a947c90d has_text_color\"><span url class=\"w-text-h\"><span class=\"w-text-value\">Aproveite todas as op\u00e7\u00f5es de apostas esportivas e cassino em seu celular! Baixe o aplicativo PariPesa em alguns minutos!<\/span><\/span><\/div><\/div><div class=\"w-separator size_custom\" style=\"height:30px\"><\/div><div class=\"w-vwrapper us_custom_d641b08e align_none valign_top\" style=\"--vwrapper-gap:0rem\"><div class=\"w-separator size_custom\" style=\"height:50px\"><\/div><div class=\"w-text us_custom_1b520cfd has_text_color\"><span url class=\"w-text-h\"><span class=\"w-text-value\">PariPesa App: Fa\u00e7a Apostas no Seu Smartphone<\/span><\/span><\/div><div class=\"w-separator size_custom\" style=\"height:30px\"><\/div><div class=\"w-btn-wrapper align_none\"><a class=\"w-btn us-btn-style_1\" href=\"https:\/\/paripesaposta.com\/go\/bonus\"><span class=\"w-btn-label\">Inscrever-se<\/span><\/a><\/div><div class=\"w-separator size_custom\" style=\"height:70px\"><\/div><\/div><div class=\"w-separator size_custom\" style=\"height:30px\"><\/div><div class=\"w-vwrapper us_custom_2fbe45b1 align_none valign_top\" style=\"--vwrapper-gap:0rem\"><div class=\"wpb_text_column us_custom_4076faf9 has_text_color\"><div class=\"wpb_wrapper\"><p>De 2017 at\u00e9 hoje, a casa de apostas PariPesa fez a sua presen\u00e7a no espa\u00e7o de jogo online. As atividades desta empresa t\u00eam a ver exclusivamente com apostas relacionadas com o setor esportivo e cassino online. As plataformas detalhadas de cassino online e as apostas esportivas s\u00e3o apenas uma das caracter\u00edsticas que fazem com que a PariPesa se destaque entre todas as empresas de op\u00e7\u00f5es de apostas similares. Outras grandes caracter\u00edsticas s\u00e3o a facilidade de uso, o funcionamento do site, a facilidade das transa\u00e7\u00f5es, mas tamb\u00e9m o excelente atendimento ao cliente. Mas os fundadores da PariPesa n\u00e3o est\u00e3o satisfeitos apenas com as caracter\u00edsticas acima e \u00e9 por isso que eles passaram para a parte m\u00f3vel. Os jogos e apostas online s\u00e3o um evento em r\u00e1pido crescimento nesta ind\u00fastria das apostas e, portanto, a mudan\u00e7a para criar o PariPesa App foi inevit\u00e1vel para que o jogo pudesse ser otimizado.<\/p>\n<\/div><\/div><\/div><div class=\"w-separator size_custom\" style=\"height:30px\"><\/div><div class=\"g-cols wpb_row us_custom_70aa8c6b via_grid cols_3 laptops-cols_inherit tablets-cols_inherit mobiles-cols_1 valign_middle type_default reversed stacking_default\" style=\"grid-gap:30px;\"><div class=\"wpb_column vc_column_container\"><div class=\"vc_column-inner\"><div class=\"w-btn-wrapper align_center\"><a class=\"w-btn us-btn-style_1\" href=\"https:\/\/paripesaposta.com\/go\/bonus\"><span class=\"w-btn-label\">Baixe o Aplicativo<\/span><\/a><\/div><\/div><\/div><div class=\"wpb_column vc_column_container\"><div class=\"vc_column-inner\"><div class=\"w-image align_center\"><div url class=\"w-image-h\"><img loading=\"lazy\" decoding=\"async\" width=\"226\" height=\"226\" src=\"https:\/\/paripesaposta.com\/wp-content\/uploads\/2023\/08\/22.png\" class=\"attachment-full size-full\" alt=\"\" srcset=\"https:\/\/paripesaposta.com\/wp-content\/uploads\/2023\/08\/22.png 226w, https:\/\/paripesaposta.com\/wp-content\/uploads\/2023\/08\/22-150x150.png 150w\" sizes=\"auto, (max-width: 226px) 100vw, 226px\" \/><\/div><\/div><\/div><\/div><div class=\"wpb_column vc_column_container\"><div class=\"vc_column-inner\"><div class=\"w-vwrapper align_none valign_top\" style=\"--vwrapper-gap:20px\"><div class=\"w-image align_center\"><div class=\"w-image-h\"><img decoding=\"async\" src=\"https:\/\/paripesaposta.com\/wp-content\/uploads\/2023\/08\/22Bet-iOS.svg\" class=\"attachment-full size-full\" alt=\"\" \/><\/div><\/div><div class=\"w-image align_center\"><div class=\"w-image-h\"><img decoding=\"async\" src=\"https:\/\/paripesaposta.com\/wp-content\/uploads\/2023\/08\/22Bet-Android.svg\" class=\"attachment-full size-full\" alt=\"\" \/><\/div><\/div><\/div><\/div><\/div><\/div><div class=\"w-separator size_custom\" style=\"height:30px\"><\/div><div class=\"w-vwrapper us_custom_2fbe45b1 align_none valign_top\" style=\"--vwrapper-gap:0rem\"><div class=\"w-text us_custom_e5367e89 has_text_color\"><span url class=\"w-text-h\"><span class=\"w-text-value\">Aplicativo M\u00f3vel Para iOS<\/span><\/span><\/div><div class=\"w-separator size_custom\" style=\"height:15px\"><\/div><div class=\"wpb_text_column us_custom_4076faf9 has_text_color\"><div class=\"wpb_wrapper\"><p>Al\u00e9m da Apple, que um grande n\u00famero de pessoas j\u00e1 usa, h\u00e1 tamb\u00e9m muitos telefones celulares que funcionam no sistema iOS. Qualquer que seja o sistema que voc\u00ea use no celular, n\u00e3o demora muito para baixar a PariPesa apk. Se voc\u00ea quiser jogar o aplicativo de apostas PariPesa sempre que quiser de onde quer que esteja, tudo o que voc\u00ea tem que fazer \u00e9 baixar o aplicativo em seu celular e desfrutar de um jogo despreocupado.<\/p>\n<\/div><\/div><div class=\"w-separator size_custom\" style=\"height:20px\"><\/div><div class=\"w-text us_custom_e5367e89 has_text_color\"><span url class=\"w-text-h\"><span class=\"w-text-value\">Baixar e Instalar o Aplicativo<\/span><\/span><\/div><div class=\"w-separator size_custom\" style=\"height:15px\"><\/div><div class=\"wpb_text_column us_custom_4076faf9 has_text_color\"><div class=\"wpb_wrapper\"><p>Se voc\u00ea j\u00e1 sabe sobre a PariPesa m\u00f3vel app, ent\u00e3o as coisas s\u00e3o muito mais f\u00e1ceis para voc\u00ea. Para baixar e instalar o aplicativo voc\u00ea pode visitar a p\u00e1gina PariPesa e clicar no link correspondente ao processo espec\u00edfico. Se isso n\u00e3o for suficiente, voc\u00ea tem a op\u00e7\u00e3o de ir at\u00e9 a App Store e simplesmente procurar o aplicativo. Quando voc\u00ea encontrar o aplicativo, dever\u00e1 prosseguir para o pr\u00f3ximo passo, que n\u00e3o \u00e9 outro sen\u00e3o Instalar para baix\u00e1-lo em seu dispositivo m\u00f3vel. Baixando-o em seu celular iOS, come\u00e7a uma emocionante aventura.<\/p>\n<\/div><\/div><div class=\"w-separator size_custom\" style=\"height:20px\"><\/div><div class=\"w-text us_custom_e5367e89 has_text_color\"><span url class=\"w-text-h\"><span class=\"w-text-value\">Aplicativo M\u00f3vel para Android<\/span><\/span><\/div><div class=\"w-separator size_custom\" style=\"height:15px\"><\/div><div class=\"wpb_text_column us_custom_4076faf9 has_text_color\"><div class=\"wpb_wrapper\"><p>Caso seu pr\u00f3prio celular n\u00e3o funcione no iOS, mas no software Android, n\u00e3o h\u00e1 muitas mudan\u00e7as para a App PariPesa m\u00f3vel. Tudo o que voc\u00ea precisa fazer \u00e9 encontrar o aplicativo na Loja do Google Play e instal\u00e1-lo. E, neste caso, o download e a instala\u00e7\u00e3o do PariPesa App podem ser feitos em pouco tempo e muito facilmente.<\/p>\n<\/div><\/div><div class=\"w-separator size_custom\" style=\"height:20px\"><\/div><div class=\"w-text us_custom_e5367e89 has_text_color\"><span url class=\"w-text-h\"><span class=\"w-text-value\">Baixar e Instalar o Aplicativo<\/span><\/span><\/div><div class=\"w-separator size_custom\" style=\"height:15px\"><\/div><div class=\"wpb_text_column us_custom_4076faf9 has_text_color\"><div class=\"wpb_wrapper\"><p>A primeira coisa que voc\u00ea precisa fazer \u00e9 procurar na Play Store e navegar para a p\u00e1gina PariPesa a partir de seu smartphone celular. Novamente, se voc\u00ea n\u00e3o estiver usando um telefone celular, o mesmo \u00e9 feito a partir de seu tablet. Ou seja, quando voc\u00ea encontrar o aplicativo PariPesa, fa\u00e7a o download e instale-o imediatamente. Quando os procedimentos estiverem completos, fa\u00e7a a conex\u00e3o. Se voc\u00ea n\u00e3o tiver uma conta, registre-se com a ajuda do aplicativo e tudo o mais fluir\u00e1 muito facilmente.<\/p>\n<\/div><\/div><div class=\"w-separator size_custom\" style=\"height:20px\"><\/div><div class=\"w-text us_custom_e5367e89 has_text_color\"><span url class=\"w-text-h\"><span class=\"w-text-value\">PariPesa Aplica\u00e7\u00e3o M\u00f3vel Muito Amig\u00e1vel<\/span><\/span><\/div><div class=\"w-separator size_custom\" style=\"height:15px\"><\/div><div class=\"wpb_text_column us_custom_4076faf9 has_text_color\"><div class=\"wpb_wrapper\"><p>O aplicativo m\u00f3vel e tablet da PariPesa \u00e9 definitivamente muito f\u00e1cil de usar e, claro, muito divertido. \u00c9 claro que voc\u00ea pode se enquadrar na categoria de pessoas que n\u00e3o querem jogar e apostar on-line desta forma, mas preferem faz\u00ea-lo atrav\u00e9s de seu navegador m\u00f3vel. Quem for considerado o navegador ideal para voc\u00ea, o que \u00e9 certo \u00e9 que a experi\u00eancia que voc\u00ea ter\u00e1 ao jogar on-line ser\u00e1 \u00fanica com esta web app. A magia com a App PariPesa \u00e9 que eles e seus jogos de apostas s\u00e3o t\u00e3o otimizados para celulares que jogar a partir de seu celular vai parecer t\u00e3o f\u00e1cil quanto jogar a partir de seu navegador. Este site m\u00f3vel amig\u00e1vel para celulares pode transformar seus jogos em uma experi\u00eancia m\u00e1gica at\u00e9 mesmo para os jogadores mais experientes. Fa\u00e7a o download do aplicativo em qualquer dispositivo que voc\u00ea use, vivendo ao m\u00e1ximo a sublime experi\u00eancia PariPesa.<\/p>\n<\/div><\/div><div class=\"w-separator size_custom\" style=\"height:20px\"><\/div><div class=\"w-text us_custom_e5367e89 has_text_color\"><span url class=\"w-text-h\"><span class=\"w-text-value\">Requisitos de Sistema Para PariPesa de Dispositivos M\u00f3veis<\/span><\/span><\/div><div class=\"w-separator size_custom\" style=\"height:15px\"><\/div><div class=\"wpb_text_column us_custom_4076faf9 has_text_color\"><div class=\"wpb_wrapper\"><p>Um aspecto positivo \u00e9 que o aplicativo m\u00f3vel da PariPesa \u00e9 bastante leve. Portanto, ele n\u00e3o carrega a sua mem\u00f3ria m\u00f3vel com detalhes desnecess\u00e1rios e n\u00e3o reduz o desempenho geral de seu dispositivo. Mas, em qualquer caso, antes de come\u00e7ar a fazer o download, \u00e9 altamente recomend\u00e1vel verificar os requisitos m\u00ednimos em termos de mem\u00f3ria e sistema operacional que seu dispositivo possui.<\/p>\n<\/div><\/div><div class=\"w-separator size_custom\" style=\"height:20px\"><\/div><div class=\"w-btn-wrapper align_none\"><a class=\"w-btn us-btn-style_1\" href=\"https:\/\/paripesaposta.com\/go\/bonus\"><span class=\"w-btn-label\">Inscrever-se<\/span><\/a><\/div><\/div><div class=\"w-separator size_custom\" style=\"height:30px\"><\/div><div class=\"w-vwrapper us_custom_2fbe45b1 align_none valign_top\" style=\"--vwrapper-gap:0rem\"><div class=\"w-text us_custom_e5367e89 has_text_color\"><span url class=\"w-text-h\"><span class=\"w-text-value\">Perguntas Mais Frequentes<\/span><\/span><\/div><div class=\"w-separator size_custom\" style=\"height:15px\"><\/div><div class=\"w-text us_custom_3f64d77f has_text_color\"><span url class=\"w-text-h\"><span class=\"w-text-value\">Posso apostar com dinheiro real do meu telefone celular?<\/span><\/span><\/div><div class=\"w-separator size_custom\" style=\"height:10px\"><\/div><div class=\"w-text us_custom_4f62d377 has_text_color\"><span url class=\"w-text-h\"><span class=\"w-text-value\">O aplicativo da PariPesa \u00e9 compat\u00edvel com comprimidos e celulares, o que facilita o dep\u00f3sito de dinheiro. Portanto, este fornecedor de apostas esportivas ajuda voc\u00ea a reivindicar dinheiro real.<\/span><\/span><\/div><div class=\"w-separator size_custom\" style=\"height:20px\"><\/div><div class=\"w-text us_custom_3f64d77f has_text_color\"><span url class=\"w-text-h\"><span class=\"w-text-value\">\u00c9 poss\u00edvel ganhar b\u00f4nus de boas-vindas atrav\u00e9s do aplicativo m\u00f3vel?<\/span><\/span><\/div><div class=\"w-separator size_custom\" style=\"height:10px\"><\/div><div class=\"w-text us_custom_4f62d377 has_text_color\"><span url class=\"w-text-h\"><span class=\"w-text-value\">Como voc\u00ea faria atrav\u00e9s do site PariPesa, voc\u00ea pode tamb\u00e9m facilmente reclamar seu b\u00f4nus de boas-vindas usando o aplicativo m\u00f3vel.<\/span><\/span><\/div><div class=\"w-separator size_custom\" style=\"height:20px\"><\/div><div class=\"w-text us_custom_3f64d77f has_text_color\"><span url class=\"w-text-h\"><span class=\"w-text-value\">Como \u00e9 feito o dep\u00f3sito de dinheiro no aplicativo?<\/span><\/span><\/div><div class=\"w-separator size_custom\" style=\"height:10px\"><\/div><div class=\"w-text us_custom_4f62d377 has_text_color\"><span url class=\"w-text-h\"><span class=\"w-text-value\">Na PariPesa Brasil voc\u00ea pode tirar proveito de uma enorme variedade de m\u00e9todos de pagamento, quer voc\u00ea use o aplicativo ou seu navegador.<\/span><\/span><\/div><\/div><\/div><\/div><\/div><\/div><\/section><section class=\"l-section wpb_row us_custom_dd07e10e height_auto\"><div class=\"l-section-h i-cf\"><div class=\"g-cols vc_row via_grid cols_1 laptops-cols_inherit tablets-cols_inherit mobiles-cols_1 valign_top type_default stacking_default\"><div class=\"wpb_column vc_column_container\"><div class=\"vc_column-inner\"><div class=\"w-separator size_custom\" style=\"height:30px\"><\/div><\/div><\/div><\/div><\/div><\/section>\n","protected":false},"excerpt":{"rendered":"Apostas ao VivoFutebol AmericanoBasquetebolBolicheT\u00eanis de MesaFutebolSkateBadmintonGolfeVoleibolBoxeT\u00eanisLink Oficial Para Baixar o Aplicativo PariPesaMaisRouletteBlackjackM\u00e1quinas Ca\u00e7a-N\u00edqueis Aproveite todas as op\u00e7\u00f5es de apostas esportivas e cassino em seu celular! Baixe o aplicativo PariPesa em alguns minutos!PariPesa App: Fa\u00e7a Apostas no Seu SmartphoneInscrever-seDe 2017 at\u00e9 hoje, a casa de apostas PariPesa fez a sua presen\u00e7a no espa\u00e7o de jogo online....","protected":false},"author":1,"featured_media":0,"parent":0,"menu_order":0,"comment_status":"closed","ping_status":"closed","template":"","meta":{"footnotes":""},"class_list":["post-366","page","type-page","status-publish","hentry"],"_links":{"self":[{"href":"https:\/\/paripesaposta.com\/pt-br\/wp-json\/wp\/v2\/pages\/366","targetHints":{"allow":["GET"]}}],"collection":[{"href":"https:\/\/paripesaposta.com\/pt-br\/wp-json\/wp\/v2\/pages"}],"about":[{"href":"https:\/\/paripesaposta.com\/pt-br\/wp-json\/wp\/v2\/types\/page"}],"author":[{"embeddable":true,"href":"https:\/\/paripesaposta.com\/pt-br\/wp-json\/wp\/v2\/users\/1"}],"replies":[{"embeddable":true,"href":"https:\/\/paripesaposta.com\/pt-br\/wp-json\/wp\/v2\/comments?post=366"}],"version-history":[{"count":16,"href":"https:\/\/paripesaposta.com\/pt-br\/wp-json\/wp\/v2\/pages\/366\/revisions"}],"predecessor-version":[{"id":607,"href":"https:\/\/paripesaposta.com\/pt-br\/wp-json\/wp\/v2\/pages\/366\/revisions\/607"}],"wp:attachment":[{"href":"https:\/\/paripesaposta.com\/pt-br\/wp-json\/wp\/v2\/media?parent=366"}],"curies":[{"name":"wp","href":"https:\/\/api.w.org\/{rel}","templated":true}]}}